{"id":396,"date":"2020-02-04T22:21:29","date_gmt":"2020-02-04T21:21:29","guid":{"rendered":"http:\/\/www.portopino.org\/?page_id=396"},"modified":"2022-05-31T01:11:20","modified_gmt":"2022-05-30T23:11:20","slug":"maps-geo","status":"publish","type":"page","link":"https:\/\/www.portopino.org\/en\/info-contatti\/maps-geo\/","title":{"rendered":"Maps Geo"},"content":{"rendered":"\t\t<div data-elementor-type=\"wp-page\" data-elementor-id=\"396\" class=\"elementor elementor-396\">\n\t\t\t\t\t\t<section class=\"elementor-section elementor-top-section elementor-element elementor-element-bb5fab0 elementor-section-boxed elementor-section-height-default elementor-section-height-default\" data-id=\"bb5fab0\" data-element_type=\"section\" data-e-type=\"section\" data-settings=\"{&quot;background_background&quot;:&quot;slideshow&quot;,&quot;background_slideshow_gallery&quot;:[{&quot;id&quot;:179,&quot;url&quot;:&quot;https:\\\/\\\/www.portopino.org\\\/wp-content\\\/uploads\\\/2020\\\/01\\\/PP_Cerchio5km_R_PaoloMagnani_2020_W.jpg&quot;}],&quot;background_slideshow_ken_burns&quot;:&quot;yes&quot;,&quot;background_slideshow_slide_duration&quot;:4000,&quot;background_slideshow_loop&quot;:&quot;yes&quot;,&quot;background_slideshow_slide_transition&quot;:&quot;fade&quot;,&quot;background_slideshow_transition_duration&quot;:500,&quot;background_slideshow_ken_burns_zoom_direction&quot;:&quot;in&quot;}\">\n\t\t\t\t\t\t\t<div class=\"elementor-background-overlay\"><\/div>\n\t\t\t\t\t\t\t<div class=\"elementor-container elementor-column-gap-default\">\n\t\t\t\t\t<div class=\"elementor-column elementor-col-100 elementor-top-column elementor-element elementor-element-63712a27\" data-id=\"63712a27\" data-element_type=\"column\" data-e-type=\"column\">\n\t\t\t<div class=\"elementor-widget-wrap elementor-element-populated\">\n\t\t\t\t\t\t<div class=\"elementor-element elementor-element-d0e36d7 elementor-widget elementor-widget-heading\" data-id=\"d0e36d7\" data-element_type=\"widget\" data-e-type=\"widget\" data-widget_type=\"heading.default\">\n\t\t\t\t<div class=\"elementor-widget-container\">\n\t\t\t\t\t<h1 class=\"elementor-heading-title elementor-size-default\">Maps e Geo<\/h1>\t\t\t\t<\/div>\n\t\t\t\t<\/div>\n\t\t\t\t<div class=\"elementor-element elementor-element-cab5cbe elementor-widget elementor-widget-text-editor\" data-id=\"cab5cbe\" data-element_type=\"widget\" data-e-type=\"widget\" data-widget_type=\"text-editor.default\">\n\t\t\t\t<div class=\"elementor-widget-container\">\n\t\t\t\t\t\t\t\t\t<p>Porto Pino :\u00a0 il paradiso in un cerchio<\/p>\t\t\t\t\t\t\t\t<\/div>\n\t\t\t\t<\/div>\n\t\t\t\t\t<\/div>\n\t\t<\/div>\n\t\t\t\t\t<\/div>\n\t\t<\/section>\n\t\t\t\t<section class=\"elementor-section elementor-top-section elementor-element elementor-element-65ce882 elementor-section-boxed elementor-section-height-default elementor-section-height-default\" data-id=\"65ce882\" data-element_type=\"section\" data-e-type=\"section\">\n\t\t\t\t\t\t<div class=\"elementor-container elementor-column-gap-default\">\n\t\t\t\t\t<div class=\"elementor-column elementor-col-100 elementor-top-column elementor-element elementor-element-39c7985\" data-id=\"39c7985\" data-element_type=\"column\" data-e-type=\"column\">\n\t\t\t<div class=\"elementor-widget-wrap elementor-element-populated\">\n\t\t\t\t\t\t\t<\/div>\n\t\t<\/div>\n\t\t\t\t\t<\/div>\n\t\t<\/section>\n\t\t\t\t<section class=\"elementor-section elementor-top-section elementor-element elementor-element-6e80f659 elementor-section-full_width elementor-section-height-default elementor-section-height-default\" data-id=\"6e80f659\" data-element_type=\"section\" data-e-type=\"section\">\n\t\t\t\t\t\t<div class=\"elementor-container elementor-column-gap-default\">\n\t\t\t\t\t<div class=\"elementor-column elementor-col-100 elementor-top-column elementor-element elementor-element-13297fde\" data-id=\"13297fde\" data-element_type=\"column\" data-e-type=\"column\">\n\t\t\t<div class=\"elementor-widget-wrap elementor-element-populated\">\n\t\t\t\t\t\t<section class=\"elementor-section elementor-inner-section elementor-element elementor-element-597de93e elementor-reverse-mobile elementor-section-boxed elementor-section-height-default elementor-section-height-default\" data-id=\"597de93e\" data-element_type=\"section\" data-e-type=\"section\">\n\t\t\t\t\t\t<div class=\"elementor-container elementor-column-gap-default\">\n\t\t\t\t\t<div class=\"elementor-column elementor-col-50 elementor-inner-column elementor-element elementor-element-1b6182a0\" data-id=\"1b6182a0\" data-element_type=\"column\" data-e-type=\"column\">\n\t\t\t<div class=\"elementor-widget-wrap elementor-element-populated\">\n\t\t\t\t\t\t<div class=\"elementor-element elementor-element-6f41870 elementor-widget elementor-widget-heading\" data-id=\"6f41870\" data-element_type=\"widget\" data-e-type=\"widget\" data-widget_type=\"heading.default\">\n\t\t\t\t<div class=\"elementor-widget-container\">\n\t\t\t\t\t<h2 class=\"elementor-heading-title elementor-size-default\">Mappa Geografica del comprensorio di Porto Pino<\/h2>\t\t\t\t<\/div>\n\t\t\t\t<\/div>\n\t\t\t\t\t<\/div>\n\t\t<\/div>\n\t\t\t\t<div class=\"elementor-column elementor-col-50 elementor-inner-column elementor-element elementor-element-679f2b51\" data-id=\"679f2b51\" data-element_type=\"column\" data-e-type=\"column\">\n\t\t\t<div class=\"elementor-widget-wrap elementor-element-populated\">\n\t\t\t\t\t\t<div class=\"elementor-element elementor-element-57700036 elementor-invisible elementor-widget elementor-widget-image\" data-id=\"57700036\" data-element_type=\"widget\" data-e-type=\"widget\" data-settings=\"{&quot;_animation&quot;:&quot;fadeInRight&quot;}\" data-widget_type=\"image.default\">\n\t\t\t\t<div class=\"elementor-widget-container\">\n\t\t\t\t\t\t\t\t\t\t\t\t\t\t\t<img fetchpriority=\"high\" decoding=\"async\" width=\"850\" height=\"478\" src=\"https:\/\/www.portopino.org\/wp-content\/uploads\/2020\/01\/PP_Cerchio5km_R_PaoloMagnani_2020_W-850x478.jpg\" class=\"attachment-attesa-the-post size-attesa-the-post wp-image-179\" alt=\"Porto Pino Maps Geo\" srcset=\"https:\/\/www.portopino.org\/wp-content\/uploads\/2020\/01\/PP_Cerchio5km_R_PaoloMagnani_2020_W-850x478.jpg 850w, https:\/\/www.portopino.org\/wp-content\/uploads\/2020\/01\/PP_Cerchio5km_R_PaoloMagnani_2020_W-300x169.jpg 300w, https:\/\/www.portopino.org\/wp-content\/uploads\/2020\/01\/PP_Cerchio5km_R_PaoloMagnani_2020_W-1024x575.jpg 1024w, https:\/\/www.portopino.org\/wp-content\/uploads\/2020\/01\/PP_Cerchio5km_R_PaoloMagnani_2020_W-768x432.jpg 768w, https:\/\/www.portopino.org\/wp-content\/uploads\/2020\/01\/PP_Cerchio5km_R_PaoloMagnani_2020_W-1536x863.jpg 1536w, https:\/\/www.portopino.org\/wp-content\/uploads\/2020\/01\/PP_Cerchio5km_R_PaoloMagnani_2020_W-20x11.jpg 20w, https:\/\/www.portopino.org\/wp-content\/uploads\/2020\/01\/PP_Cerchio5km_R_PaoloMagnani_2020_W.jpg 1920w\" sizes=\"(max-width: 850px) 100vw, 850px\" \/>\t\t\t\t\t\t\t\t\t\t\t\t\t\t\t<\/div>\n\t\t\t\t<\/div>\n\t\t\t\t\t<\/div>\n\t\t<\/div>\n\t\t\t\t\t<\/div>\n\t\t<\/section>\n\t\t\t\t<section class=\"elementor-section elementor-inner-section elementor-element elementor-element-82c2d34 elementor-section-boxed elementor-section-height-default elementor-section-height-default\" data-id=\"82c2d34\" data-element_type=\"section\" data-e-type=\"section\">\n\t\t\t\t\t\t<div class=\"elementor-container elementor-column-gap-default\">\n\t\t\t\t\t<div class=\"elementor-column elementor-col-50 elementor-inner-column elementor-element elementor-element-3a88dff\" data-id=\"3a88dff\" data-element_type=\"column\" data-e-type=\"column\">\n\t\t\t<div class=\"elementor-widget-wrap elementor-element-populated\">\n\t\t\t\t\t\t<div class=\"elementor-element elementor-element-8d2c806 elementor-invisible elementor-widget elementor-widget-image\" data-id=\"8d2c806\" data-element_type=\"widget\" data-e-type=\"widget\" data-settings=\"{&quot;_animation&quot;:&quot;fadeInLeft&quot;}\" data-widget_type=\"image.default\">\n\t\t\t\t<div class=\"elementor-widget-container\">\n\t\t\t\t\t\t\t\t\t\t\t\t\t\t\t<img decoding=\"async\" width=\"775\" height=\"372\" src=\"https:\/\/www.portopino.org\/wp-content\/uploads\/2020\/02\/PP_InqSat_Geo2_rit.jpg\" class=\"attachment-attesa-the-post size-attesa-the-post wp-image-593\" alt=\"PortoPino_InqSat_Geo2\" srcset=\"https:\/\/www.portopino.org\/wp-content\/uploads\/2020\/02\/PP_InqSat_Geo2_rit.jpg 775w, https:\/\/www.portopino.org\/wp-content\/uploads\/2020\/02\/PP_InqSat_Geo2_rit-300x144.jpg 300w, https:\/\/www.portopino.org\/wp-content\/uploads\/2020\/02\/PP_InqSat_Geo2_rit-768x369.jpg 768w, https:\/\/www.portopino.org\/wp-content\/uploads\/2020\/02\/PP_InqSat_Geo2_rit-20x10.jpg 20w\" sizes=\"(max-width: 775px) 100vw, 775px\" \/>\t\t\t\t\t\t\t\t\t\t\t\t\t\t\t<\/div>\n\t\t\t\t<\/div>\n\t\t\t\t\t<\/div>\n\t\t<\/div>\n\t\t\t\t<div class=\"elementor-column elementor-col-50 elementor-inner-column elementor-element elementor-element-29e8273\" data-id=\"29e8273\" data-element_type=\"column\" data-e-type=\"column\">\n\t\t\t<div class=\"elementor-widget-wrap elementor-element-populated\">\n\t\t\t\t\t\t<div class=\"elementor-element elementor-element-56194de elementor-widget elementor-widget-heading\" data-id=\"56194de\" data-element_type=\"widget\" data-e-type=\"widget\" data-widget_type=\"heading.default\">\n\t\t\t\t<div class=\"elementor-widget-container\">\n\t\t\t\t\t<h2 class=\"elementor-heading-title elementor-size-default\">Mappa geografica dei dintorni di Porto Pino<\/h2>\t\t\t\t<\/div>\n\t\t\t\t<\/div>\n\t\t\t\t\t<\/div>\n\t\t<\/div>\n\t\t\t\t\t<\/div>\n\t\t<\/section>\n\t\t\t\t<section class=\"elementor-section elementor-inner-section elementor-element elementor-element-3916280 elementor-reverse-mobile elementor-section-boxed elementor-section-height-default elementor-section-height-default\" data-id=\"3916280\" data-element_type=\"section\" data-e-type=\"section\">\n\t\t\t\t\t\t<div class=\"elementor-container elementor-column-gap-default\">\n\t\t\t\t\t<div class=\"elementor-column elementor-col-50 elementor-inner-column elementor-element elementor-element-d056556\" data-id=\"d056556\" data-element_type=\"column\" data-e-type=\"column\">\n\t\t\t<div class=\"elementor-widget-wrap elementor-element-populated\">\n\t\t\t\t\t\t<div class=\"elementor-element elementor-element-9a696ce elementor-widget elementor-widget-heading\" data-id=\"9a696ce\" data-element_type=\"widget\" data-e-type=\"widget\" data-widget_type=\"heading.default\">\n\t\t\t\t<div class=\"elementor-widget-container\">\n\t\t\t\t\t<h2 class=\"elementor-heading-title elementor-size-default\">Mappa del Sud-Ovest Sardegna - Porto Pino un ecoambiente perfetto<\/h2>\t\t\t\t<\/div>\n\t\t\t\t<\/div>\n\t\t\t\t<div class=\"elementor-element elementor-element-ba7dabe elementor-widget elementor-widget-text-editor\" data-id=\"ba7dabe\" data-element_type=\"widget\" data-e-type=\"widget\" data-widget_type=\"text-editor.default\">\n\t\t\t\t<div class=\"elementor-widget-container\">\n\t\t\t\t\t\t\t\t\t<p>Il piccolo paradiso di Porto Pino si mantiene pressoch\u00e8 perfetto da un punto di vista dell&#8217;ecosistema ambientale perch\u00e8 praticamente incontaminato dalle forme di inquinamento pi\u00f9 note. Le prime presenze industriali distano oltre 70km. Nell&#8217;ambito del golfo di Palmas non ci sono scarichi o fiumi significativi ed in ogni caso \u00e8 una zona poco densamente abitata. Tutto il comprensorio a Est di Porto Pino \u00e8 zona militare per quasi 600kmq priva di scarichi. Tutta la regione montuosa a Nord-Est di Porto Pino racchiusa fra Teulada, Chia, Sarroch, Capoterra, Siliqua e Santadi \u00e8 la zona verde pi\u00f9 grande d&#8217;Europa priva di abitazioni; un bosco densamente fitto che rappresenta un polmone straordinario. Si noti che la spiaggia di Porto Pino \u00e8 talmente ampia e di sabbia bianca da essere la prima osservabile al livello della ripresa satellitare nell&#8217;immagine sopra.<\/p>\t\t\t\t\t\t\t\t<\/div>\n\t\t\t\t<\/div>\n\t\t\t\t\t<\/div>\n\t\t<\/div>\n\t\t\t\t<div class=\"elementor-column elementor-col-50 elementor-inner-column elementor-element elementor-element-6badf89\" data-id=\"6badf89\" data-element_type=\"column\" data-e-type=\"column\">\n\t\t\t<div class=\"elementor-widget-wrap elementor-element-populated\">\n\t\t\t\t\t\t<div class=\"elementor-element elementor-element-481b7d3 elementor-invisible elementor-widget elementor-widget-image\" data-id=\"481b7d3\" data-element_type=\"widget\" data-e-type=\"widget\" data-settings=\"{&quot;_animation&quot;:&quot;fadeInRight&quot;}\" data-widget_type=\"image.default\">\n\t\t\t\t<div class=\"elementor-widget-container\">\n\t\t\t\t\t\t\t\t\t\t\t\t\t\t\t<img decoding=\"async\" width=\"775\" height=\"395\" src=\"https:\/\/www.portopino.org\/wp-content\/uploads\/2020\/02\/PP_InqSat_Geo1_rit.jpg\" class=\"attachment-attesa-the-post size-attesa-the-post wp-image-594\" alt=\"PortoPino_InqSat_Geo1\" srcset=\"https:\/\/www.portopino.org\/wp-content\/uploads\/2020\/02\/PP_InqSat_Geo1_rit.jpg 775w, https:\/\/www.portopino.org\/wp-content\/uploads\/2020\/02\/PP_InqSat_Geo1_rit-300x153.jpg 300w, https:\/\/www.portopino.org\/wp-content\/uploads\/2020\/02\/PP_InqSat_Geo1_rit-768x391.jpg 768w, https:\/\/www.portopino.org\/wp-content\/uploads\/2020\/02\/PP_InqSat_Geo1_rit-20x10.jpg 20w\" sizes=\"(max-width: 775px) 100vw, 775px\" \/>\t\t\t\t\t\t\t\t\t\t\t\t\t\t\t<\/div>\n\t\t\t\t<\/div>\n\t\t\t\t\t<\/div>\n\t\t<\/div>\n\t\t\t\t\t<\/div>\n\t\t<\/section>\n\t\t\t\t\t<\/div>\n\t\t<\/div>\n\t\t\t\t\t<\/div>\n\t\t<\/section>\n\t\t\t\t<\/div>\n\t\t","protected":false},"excerpt":{"rendered":"<p>Maps e Geo Porto Pino :&nbsp; il paradiso in un cerchio Mappa Geografica del comprensorio di Porto Pino Mappa geografica dei dintorni di Porto Pino Mappa del Sud-Ovest Sardegna &#8211; Porto Pino un ecoambiente perfetto Il piccolo paradiso di Porto Pino si mantiene pressoch\u00e8 perfetto da un punto di vista dell&#8217;ecosistema ambientale perch\u00e8 praticamente incontaminato&hellip;<\/p>","protected":false},"author":2,"featured_media":0,"parent":347,"menu_order":0,"comment_status":"closed","ping_status":"closed","template":"","meta":{"footnotes":""},"class_list":["post-396","page","type-page","status-publish","hentry"],"aioseo_notices":[],"_links":{"self":[{"href":"https:\/\/www.portopino.org\/en\/wp-json\/wp\/v2\/pages\/396","targetHints":{"allow":["GET"]}}],"collection":[{"href":"https:\/\/www.portopino.org\/en\/wp-json\/wp\/v2\/pages"}],"about":[{"href":"https:\/\/www.portopino.org\/en\/wp-json\/wp\/v2\/types\/page"}],"author":[{"embeddable":true,"href":"https:\/\/www.portopino.org\/en\/wp-json\/wp\/v2\/users\/2"}],"replies":[{"embeddable":true,"href":"https:\/\/www.portopino.org\/en\/wp-json\/wp\/v2\/comments?post=396"}],"version-history":[{"count":0,"href":"https:\/\/www.portopino.org\/en\/wp-json\/wp\/v2\/pages\/396\/revisions"}],"up":[{"embeddable":true,"href":"https:\/\/www.portopino.org\/en\/wp-json\/wp\/v2\/pages\/347"}],"wp:attachment":[{"href":"https:\/\/www.portopino.org\/en\/wp-json\/wp\/v2\/media?parent=396"}],"curies":[{"name":"wp","href":"https:\/\/api.w.org\/{rel}","templated":true}]}}